{"id":24181,"date":"2020-04-30T11:12:41","date_gmt":"2020-04-30T09:12:41","guid":{"rendered":"https:\/\/assistyou.international\/kontakt\/"},"modified":"2023-11-16T20:47:15","modified_gmt":"2023-11-16T19:47:15","slug":"kontakt","status":"publish","type":"page","link":"https:\/\/assistyou.international\/sk\/kontakt\/","title":{"rendered":"Kontakt"},"content":{"rendered":"\t\t<div data-elementor-type=\"wp-page\" data-elementor-id=\"24181\" class=\"elementor elementor-24181 elementor-1453\" data-elementor-post-type=\"page\">\n\t\t\t\t\t\t\t\t\t<section class=\"elementor-section elementor-top-section elementor-element elementor-element-b35b84a elementor-section-full_width elementor-section-height-default elementor-section-height-default sc_fly_static\" data-id=\"b35b84a\" data-element_type=\"section\">\n\t\t\t\t\t\t<div class=\"elementor-container elementor-column-gap-no\">\n\t\t\t\t\t<div class=\"elementor-column elementor-col-100 elementor-top-column elementor-element elementor-element-b8e3101 sc_inner_width_none sc_content_align_inherit sc_layouts_column_icons_position_left sc_fly_static\" data-id=\"b8e3101\" data-element_type=\"column\">\n\t\t\t<div class=\"elementor-widget-wrap\">\n\t\t\t\t\t\t\t\t\t<\/div>\n\t\t<\/div>\n\t\t\t\t\t\t\t<\/div>\n\t\t<\/section>\n\t\t\t\t<section class=\"elementor-section elementor-top-section elementor-element elementor-element-8578371 elementor-section-full_width elementor-section-height-default elementor-section-height-default sc_fly_static\" data-id=\"8578371\" data-element_type=\"section\" data-settings=\"{&quot;background_background&quot;:&quot;classic&quot;}\">\n\t\t\t\t\t\t<div class=\"elementor-container elementor-column-gap-extended\">\n\t\t\t\t\t<div class=\"elementor-column elementor-col-100 elementor-top-column elementor-element elementor-element-2091e92 sc_inner_width_none sc_content_align_inherit sc_layouts_column_icons_position_left sc_fly_static\" data-id=\"2091e92\" data-element_type=\"column\">\n\t\t\t<div class=\"elementor-widget-wrap elementor-element-populated\">\n\t\t\t\t\t\t\t\t<div class=\"elementor-element elementor-element-53ac9d7 sc_layouts_hide_on_tablet sc_layouts_hide_on_mobile sc_fly_static elementor-widget elementor-widget-spacer\" data-id=\"53ac9d7\" data-element_type=\"widget\" data-widget_type=\"spacer.default\">\n\t\t\t\t<div class=\"elementor-widget-container\">\n\t\t\t\t\t<div class=\"elementor-spacer\">\n\t\t\t<div class=\"elementor-spacer-inner\"><\/div>\n\t\t<\/div>\n\t\t\t\t<\/div>\n\t\t\t\t<\/div>\n\t\t\t\t<div class=\"elementor-element elementor-element-3b42574 sc_height_huge sc_fly_static elementor-widget elementor-widget-spacer\" data-id=\"3b42574\" data-element_type=\"widget\" data-widget_type=\"spacer.default\">\n\t\t\t\t<div class=\"elementor-widget-container\">\n\t\t\t\t\t<div class=\"elementor-spacer\">\n\t\t\t<div class=\"elementor-spacer-inner\"><\/div>\n\t\t<\/div>\n\t\t\t\t<\/div>\n\t\t\t\t<\/div>\n\t\t\t\t<div data-parallax-params=\"{&quot;parallax&quot;:0,&quot;flow&quot;:&quot;default&quot;,&quot;crop&quot;:&quot;none&quot;,&quot;ease&quot;:&quot;power2&quot;,&quot;duration&quot;:1,&quot;delay&quot;:0,&quot;squeeze&quot;:1,&quot;text&quot;:&quot;block&quot;,&quot;text_separate&quot;:0,&quot;text_wrap&quot;:0,&quot;mouse&quot;:1,&quot;mouse_type&quot;:&quot;transform&quot;,&quot;mouse_tilt_amount&quot;:70,&quot;mouse_speed&quot;:7,&quot;mouse_z&quot;:&quot;&quot;,&quot;mouse_handler&quot;:&quot;window&quot;,&quot;range_start&quot;:0,&quot;range_end&quot;:40,&quot;sticky_offset&quot;:0,&quot;lag&quot;:0,&quot;x_start&quot;:0,&quot;x_start_unit&quot;:&quot;px&quot;,&quot;x_end&quot;:0,&quot;x_end_unit&quot;:&quot;px&quot;,&quot;y_start&quot;:0,&quot;y_start_unit&quot;:&quot;px&quot;,&quot;y_end&quot;:0,&quot;y_end_unit&quot;:&quot;px&quot;,&quot;scale_start&quot;:100,&quot;scale_end&quot;:100,&quot;rotate_start&quot;:0,&quot;rotate_end&quot;:0,&quot;opacity_start&quot;:1,&quot;opacity_end&quot;:1,&quot;crop_start&quot;:0,&quot;crop_end&quot;:100,&quot;range_start_tablet&quot;:0,&quot;range_end_tablet&quot;:40,&quot;sticky_offset_tablet&quot;:0,&quot;lag_tablet&quot;:0,&quot;x_start_tablet&quot;:0,&quot;x_start_tablet_unit&quot;:&quot;px&quot;,&quot;x_end_tablet&quot;:0,&quot;x_end_tablet_unit&quot;:&quot;px&quot;,&quot;y_start_tablet&quot;:0,&quot;y_start_tablet_unit&quot;:&quot;px&quot;,&quot;y_end_tablet&quot;:0,&quot;y_end_tablet_unit&quot;:&quot;px&quot;,&quot;scale_start_tablet&quot;:100,&quot;scale_end_tablet&quot;:100,&quot;rotate_start_tablet&quot;:0,&quot;rotate_end_tablet&quot;:0,&quot;opacity_start_tablet&quot;:1,&quot;opacity_end_tablet&quot;:1,&quot;crop_start_tablet&quot;:0,&quot;crop_end_tablet&quot;:100,&quot;range_start_mobile&quot;:0,&quot;range_end_mobile&quot;:40,&quot;sticky_offset_mobile&quot;:0,&quot;lag_mobile&quot;:0,&quot;x_start_mobile&quot;:0,&quot;x_start_mobile_unit&quot;:&quot;px&quot;,&quot;x_end_mobile&quot;:0,&quot;x_end_mobile_unit&quot;:&quot;px&quot;,&quot;y_start_mobile&quot;:0,&quot;y_start_mobile_unit&quot;:&quot;px&quot;,&quot;y_end_mobile&quot;:0,&quot;y_end_mobile_unit&quot;:&quot;px&quot;,&quot;scale_start_mobile&quot;:100,&quot;scale_end_mobile&quot;:100,&quot;rotate_start_mobile&quot;:0,&quot;rotate_end_mobile&quot;:0,&quot;opacity_start_mobile&quot;:1,&quot;opacity_end_mobile&quot;:1,&quot;crop_start_mobile&quot;:0,&quot;crop_end_mobile&quot;:100}\" class=\"elementor-element elementor-element-62d6f1b elementor-widget__width-auto elementor-absolute sc_parallax_mouse sc_parallax_type_transform elementor-view-default animation_type_block sc_fly_static elementor-invisible elementor-widget elementor-widget-icon\" data-id=\"62d6f1b\" data-element_type=\"widget\" data-settings=\"{&quot;_position&quot;:&quot;absolute&quot;,&quot;_animation&quot;:&quot;zoomIn&quot;,&quot;_animation_delay&quot;:500}\" data-widget_type=\"icon.default\">\n\t\t\t\t<div class=\"elementor-widget-container\">\n\t\t\t\t\t<div class=\"elementor-icon-wrapper\">\n\t\t\t<div class=\"elementor-icon\">\n\t\t\t<svg xmlns=\"http:\/\/www.w3.org\/2000\/svg\" width=\"155\" height=\"155\" viewBox=\"0 0 155.192 155.199\"><path d=\"M1584.6,233.72a77.682,77.682,0,0,1,77.6,77.609h-43.516a34.08,34.08,0,1,0-34.08,34.08v43.509a77.594,77.594,0,1,1,0-155.189Z\" transform=\"translate(-1507 -233.72)\"><\/path><\/svg>\t\t\t<\/div>\n\t\t<\/div>\n\t\t\t\t<\/div>\n\t\t\t\t<\/div>\n\t\t\t\t\t<\/div>\n\t\t<\/div>\n\t\t\t\t\t\t\t<\/div>\n\t\t<\/section>\n\t\t\t\t<section class=\"elementor-section elementor-top-section elementor-element elementor-element-754e6fa elementor-section-boxed elementor-section-height-default elementor-section-height-default animation_type_block sc_fly_static elementor-invisible\" data-id=\"754e6fa\" data-element_type=\"section\" data-settings=\"{&quot;animation&quot;:&quot;fadeIn&quot;,&quot;background_background&quot;:&quot;classic&quot;}\">\n\t\t\t\t\t\t<div class=\"elementor-container elementor-column-gap-extended\">\n\t\t\t\t\t<div class=\"elementor-column elementor-col-33 elementor-top-column elementor-element elementor-element-a791d35 sc_inner_width_none sc_content_align_inherit sc_layouts_column_icons_position_left sc_fly_static\" data-id=\"a791d35\" data-element_type=\"column\">\n\t\t\t<div class=\"elementor-widget-wrap elementor-element-populated\">\n\t\t\t\t\t\t\t\t<div class=\"elementor-element elementor-element-a82c94e sc_fly_static elementor-widget elementor-widget-trx_sc_title\" data-id=\"a82c94e\" data-element_type=\"widget\" data-widget_type=\"trx_sc_title.default\">\n\t\t\t\t<div class=\"elementor-widget-container\">\n\t\t\t<div\t\tclass=\"sc_title sc_title_default\" ><h2 class=\"sc_item_title sc_title_title sc_item_title_style_default\"\n\t\t\t><span class=\"sc_item_title_text\">M\u00e1\u0161 ot\u00e1zku? <br> [][L\u00e9pj velem kapcsolatba!]<\/span><\/h2><div class=\"sc_item_descr sc_title_descr\"><p>.<\/p>\n<\/div><\/div>\t\t<\/div>\n\t\t\t\t<\/div>\n\t\t\t\t<div class=\"elementor-element elementor-element-04cc8a1 sc_fly_static elementor-widget elementor-widget-spacer\" data-id=\"04cc8a1\" data-element_type=\"widget\" data-widget_type=\"spacer.default\">\n\t\t\t\t<div class=\"elementor-widget-container\">\n\t\t\t\t\t<div class=\"elementor-spacer\">\n\t\t\t<div class=\"elementor-spacer-inner\"><\/div>\n\t\t<\/div>\n\t\t\t\t<\/div>\n\t\t\t\t<\/div>\n\t\t\t\t<div class=\"elementor-element elementor-element-8c03134 sc_fly_static elementor-widget elementor-widget-trx_sc_socials\" data-id=\"8c03134\" data-element_type=\"widget\" data-widget_type=\"trx_sc_socials.default\">\n\t\t\t\t<div class=\"elementor-widget-container\">\n\t\t\t<div  \n\t\tclass=\"sc_socials sc_socials_default sc_align_none\" ><div class=\"socials_wrap sc_item_content\"><a target=\"_blank\" href=\"https:\/\/www.facebook.com\/profile.php?id=61551930296318\" class=\"social_item social_item_style_icons sc_icon_type_icons social_item_type_icons\"><span class=\"social_icon social_icon_facebook-1\" style=\"\"><span class=\"icon-facebook-1\"><\/span><\/span><\/a><a target=\"_blank\" href=\"https:\/\/www.instagram.com\/assistyou.international\" class=\"social_item social_item_style_icons sc_icon_type_icons social_item_type_icons\"><span class=\"social_icon social_icon_instagram\" style=\"\"><span class=\"icon-instagram\"><\/span><\/span><\/a><\/div><\/div>\t\t<\/div>\n\t\t\t\t<\/div>\n\t\t\t\t\t<\/div>\n\t\t<\/div>\n\t\t\t\t<div class=\"elementor-column elementor-col-66 elementor-top-column elementor-element elementor-element-7a4c609 sc_inner_width_none sc_content_align_inherit sc_layouts_column_icons_position_left sc_fly_static\" data-id=\"7a4c609\" data-element_type=\"column\">\n\t\t\t<div class=\"elementor-widget-wrap elementor-element-populated\">\n\t\t\t\t\t\t\t\t<div class=\"elementor-element elementor-element-449e67f sc_fly_static elementor-widget elementor-widget-spacer\" data-id=\"449e67f\" data-element_type=\"widget\" data-widget_type=\"spacer.default\">\n\t\t\t\t<div class=\"elementor-widget-container\">\n\t\t\t\t\t<div class=\"elementor-spacer\">\n\t\t\t<div class=\"elementor-spacer-inner\"><\/div>\n\t\t<\/div>\n\t\t\t\t<\/div>\n\t\t\t\t<\/div>\n\t\t\t\t<div class=\"elementor-element elementor-element-144f80a sc_fly_static elementor-widget elementor-widget-trx_sc_contact_form_7\" data-id=\"144f80a\" data-element_type=\"widget\" data-widget_type=\"trx_sc_contact_form_7.default\">\n\t\t\t\t<div class=\"elementor-widget-container\">\n\t\t\t\n<div class=\"wpcf7 no-js\" id=\"wpcf7-f5-o1\" lang=\"en-US\" dir=\"ltr\">\n<div class=\"screen-reader-response\"><p role=\"status\" aria-live=\"polite\" aria-atomic=\"true\"><\/p> <ul><\/ul><\/div>\n<form action=\"\/sk\/wp-json\/wp\/v2\/pages\/24181#wpcf7-f5-o1\" method=\"post\" class=\"wpcf7-form init\" aria-label=\"Contact form\" novalidate=\"novalidate\" data-status=\"init\">\n<div style=\"display: none;\">\n<input type=\"hidden\" name=\"_wpcf7\" value=\"5\" \/>\n<input type=\"hidden\" name=\"_wpcf7_version\" value=\"5.8.2\" \/>\n<input type=\"hidden\" name=\"_wpcf7_locale\" value=\"en_US\" \/>\n<input type=\"hidden\" name=\"_wpcf7_unit_tag\" value=\"wpcf7-f5-o1\" \/>\n<input type=\"hidden\" name=\"_wpcf7_container_post\" value=\"0\" \/>\n<input type=\"hidden\" name=\"_wpcf7_posted_data_hash\" value=\"\" \/>\n<\/div>\n<div class=\"form-style-1\">\n\t<div class=\"columns_wrap\">\n\t\t<div class=\"column-1_2\">\n\t\t\t<p><span class=\"style-line icon-name\"><span class=\"wpcf7-form-control-wrap\" data-name=\"your-name\"><input size=\"40\" class=\"wpcf7-form-control wpcf7-text wpcf7-validates-as-required\" aria-required=\"true\" aria-invalid=\"false\" placeholder=\"Neved\" value=\"\" type=\"text\" name=\"your-name\" \/><\/span><\/span>\n\t\t\t<\/p>\n\t\t<\/div>\n\t\t<div class=\"column-1_2\">\n\t\t\t<p><span class=\"style-line icon-email\"><span class=\"wpcf7-form-control-wrap\" data-name=\"your-email\"><input size=\"40\" class=\"wpcf7-form-control wpcf7-email wpcf7-validates-as-required wpcf7-text wpcf7-validates-as-email\" aria-required=\"true\" aria-invalid=\"false\" placeholder=\"E-mail c\u00edmed\" value=\"\" type=\"email\" name=\"your-email\" \/><\/span><\/span>\n\t\t\t<\/p>\n\t\t<\/div>\n\t<\/div>\n\t<div class=\"columns_wrap\">\n\t\t<div class=\"column-1_2\">\n\t\t\t<p><span class=\"style-line icon-phone\"><span class=\"wpcf7-form-control-wrap\" data-name=\"phone\"><input size=\"40\" class=\"wpcf7-form-control wpcf7-tel wpcf7-validates-as-required wpcf7-text wpcf7-validates-as-tel\" aria-required=\"true\" aria-invalid=\"false\" placeholder=\"Telefonsz\u00e1mod\" value=\"\" type=\"tel\" name=\"phone\" \/><\/span><\/span>\n\t\t\t<\/p>\n\t\t<\/div>\n\t\t<div class=\"column-1_2\">\n\t\t\t<p><span class=\"style-line icon-subject\"><span class=\"wpcf7-form-control-wrap\" data-name=\"subject\"><input size=\"40\" class=\"wpcf7-form-control wpcf7-text wpcf7-validates-as-required\" aria-required=\"true\" aria-invalid=\"false\" placeholder=\"T\u00e1rgy\" value=\"\" type=\"text\" name=\"subject\" \/><\/span><\/span>\n\t\t\t<\/p>\n\t\t<\/div>\n\t<\/div>\n\t<div class=\"columns_wrap margin-bottom\">\n\t\t<div class=\"column-1_1\">\n\t\t\t<p><span class=\"style-line icon-textarea\"><span class=\"wpcf7-form-control-wrap\" data-name=\"your-message\"><textarea cols=\"40\" rows=\"10\" class=\"wpcf7-form-control wpcf7-textarea wpcf7-validates-as-required\" aria-required=\"true\" aria-invalid=\"false\" placeholder=\"Miben lehetek a seg\u00edts\u00e9gedre? \u00cdrd meg nekem!\" name=\"your-message\"><\/textarea><\/span><\/span>\n\t\t\t<\/p>\n\t\t<\/div>\n\t<\/div>\n\t<p><input class=\"wpcf7-form-control wpcf7-submit has-spinner\" type=\"submit\" value=\"K\u00fcld\u00e9s\" \/><span class=\"wpcf7-form-control-wrap\" data-name=\"acceptance\"><span class=\"wpcf7-form-control wpcf7-acceptance\"><span class=\"wpcf7-list-item\"><label><input type=\"checkbox\" name=\"acceptance\" value=\"1\" aria-invalid=\"false\" \/><span class=\"wpcf7-list-item-label\">Hozz\u00e1j\u00e1rulok ahhoz, hogy beny\u00fajtott adataimat <a href=\"\/privacy-policy\/\">\u00f6sszegy\u0171jts\u00fck \u00e9s t\u00e1roljuk<\/a>.<\/span><\/label><\/span><\/span><\/span>\n\t<\/p>\n<\/div><div class=\"wpcf7-response-output\" aria-hidden=\"true\"><\/div>\n<\/form>\n<\/div>\n\t\t<\/div>\n\t\t\t\t<\/div>\n\t\t\t\t<div data-parallax-params=\"{&quot;parallax&quot;:1,&quot;flow&quot;:&quot;default&quot;,&quot;crop&quot;:&quot;none&quot;,&quot;ease&quot;:&quot;power2&quot;,&quot;duration&quot;:1,&quot;delay&quot;:0,&quot;squeeze&quot;:1,&quot;text&quot;:&quot;block&quot;,&quot;text_separate&quot;:0,&quot;text_wrap&quot;:0,&quot;mouse&quot;:0,&quot;mouse_type&quot;:&quot;transform3d&quot;,&quot;mouse_tilt_amount&quot;:70,&quot;mouse_speed&quot;:10,&quot;mouse_z&quot;:&quot;&quot;,&quot;mouse_handler&quot;:&quot;row&quot;,&quot;range_start&quot;:0,&quot;range_end&quot;:60,&quot;sticky_offset&quot;:0,&quot;lag&quot;:0,&quot;x_start&quot;:-55,&quot;x_start_unit&quot;:&quot;px&quot;,&quot;x_end&quot;:0,&quot;x_end_unit&quot;:&quot;px&quot;,&quot;y_start&quot;:0,&quot;y_start_unit&quot;:&quot;px&quot;,&quot;y_end&quot;:0,&quot;y_end_unit&quot;:&quot;px&quot;,&quot;scale_start&quot;:100,&quot;scale_end&quot;:100,&quot;rotate_start&quot;:-26,&quot;rotate_end&quot;:0,&quot;opacity_start&quot;:1,&quot;opacity_end&quot;:1,&quot;crop_start&quot;:0,&quot;crop_end&quot;:100,&quot;range_start_tablet&quot;:0,&quot;range_end_tablet&quot;:60,&quot;sticky_offset_tablet&quot;:0,&quot;lag_tablet&quot;:0,&quot;x_start_tablet&quot;:-55,&quot;x_start_tablet_unit&quot;:&quot;px&quot;,&quot;x_end_tablet&quot;:0,&quot;x_end_tablet_unit&quot;:&quot;px&quot;,&quot;y_start_tablet&quot;:0,&quot;y_start_tablet_unit&quot;:&quot;px&quot;,&quot;y_end_tablet&quot;:0,&quot;y_end_tablet_unit&quot;:&quot;px&quot;,&quot;scale_start_tablet&quot;:100,&quot;scale_end_tablet&quot;:100,&quot;rotate_start_tablet&quot;:-26,&quot;rotate_end_tablet&quot;:0,&quot;opacity_start_tablet&quot;:1,&quot;opacity_end_tablet&quot;:1,&quot;crop_start_tablet&quot;:0,&quot;crop_end_tablet&quot;:100,&quot;range_start_mobile&quot;:0,&quot;range_end_mobile&quot;:60,&quot;sticky_offset_mobile&quot;:0,&quot;lag_mobile&quot;:0,&quot;x_start_mobile&quot;:-55,&quot;x_start_mobile_unit&quot;:&quot;px&quot;,&quot;x_end_mobile&quot;:0,&quot;x_end_mobile_unit&quot;:&quot;px&quot;,&quot;y_start_mobile&quot;:0,&quot;y_start_mobile_unit&quot;:&quot;px&quot;,&quot;y_end_mobile&quot;:0,&quot;y_end_mobile_unit&quot;:&quot;px&quot;,&quot;scale_start_mobile&quot;:100,&quot;scale_end_mobile&quot;:100,&quot;rotate_start_mobile&quot;:-26,&quot;rotate_end_mobile&quot;:0,&quot;opacity_start_mobile&quot;:1,&quot;opacity_end_mobile&quot;:1,&quot;crop_start_mobile&quot;:0,&quot;crop_end_mobile&quot;:100}\" class=\"elementor-element elementor-element-4c1a69c elementor-widget__width-auto elementor-absolute sc_parallax sc_layouts_hide_on_mobile elementor-view-default sc_fly_static sc_parallax_default elementor-widget elementor-widget-icon\" data-id=\"4c1a69c\" data-element_type=\"widget\" data-settings=\"{&quot;_position&quot;:&quot;absolute&quot;}\" data-widget_type=\"icon.default\">\n\t\t\t\t<div class=\"elementor-widget-container\">\n\t\t\t\t\t<div class=\"elementor-icon-wrapper\">\n\t\t\t<div class=\"elementor-icon\">\n\t\t\t<svg xmlns=\"http:\/\/www.w3.org\/2000\/svg\" width=\"186.964\" height=\"173.297\" viewBox=\"0 0 186.964 173.297\"><path d=\"M3303.83,893.058c.077,16.468.012,32.974.632,49.423a1.564,1.564,0,0,0,3.125,0c.444-10.4.608-20.819.711-31.236a238.825,238.825,0,0,0,64.369,78.5c3.172,2.5,6.863,5.218,10.885,7.869a86.069,86.069,0,0,0,5.394,14.774c15.983,33.962,50.97,58.119,87.285,65.255.9.176,1.284-1.146.381-1.381-26.32-6.871-50.45-20.422-68.532-40.967a103.7,103.7,0,0,1-20.221-34.953c19.684,11.951,45.411,20.527,59.907-1.7,7.331-11.242,3.38-24.509-4.685-34.11-8.526-10.148-24.558-22.3-38.564-21.307-13.166.936-20.144,13.976-22.334,25.581a63.367,63.367,0,0,0,0,22.6c-6.607-4.894-12.542-10.057-17.235-14.256a240.03,240.03,0,0,1-54.844-72.753,1.962,1.962,0,0,0-1.734-1.193l.049-5.7a304.871,304.871,0,0,0,28.89,18.5,2.309,2.309,0,0,0,2.329-3.984c-11.009-6.668-21.86-13.433-32.332-20.952C3305.854,890.006,3303.822,891.424,3303.83,893.058Zm87.068,63.359c17.357-27.3,74.587,18.718,50.3,43.055-15.83,15.862-37.351,7.022-55.054-5.226C3383.037,981.2,3383.649,967.819,3390.9,956.417Z\" transform=\"translate(1077.66 -3303.83) rotate(90)\"><\/path><\/svg>\t\t\t<\/div>\n\t\t<\/div>\n\t\t\t\t<\/div>\n\t\t\t\t<\/div>\n\t\t\t\t\t<\/div>\n\t\t<\/div>\n\t\t\t\t\t\t\t<\/div>\n\t\t<\/section>\n\t\t\t\t<section class=\"elementor-section elementor-top-section elementor-element elementor-element-a3d1218 elementor-section-full_width elementor-section-height-default elementor-section-height-default sc_fly_static\" data-id=\"a3d1218\" data-element_type=\"section\" data-settings=\"{&quot;background_background&quot;:&quot;classic&quot;}\">\n\t\t\t\t\t\t<div class=\"elementor-container elementor-column-gap-extended\">\n\t\t\t\t\t<div class=\"elementor-column elementor-col-100 elementor-top-column elementor-element elementor-element-542c729 sc_inner_width_none sc_content_align_inherit sc_layouts_column_icons_position_left sc_fly_static\" data-id=\"542c729\" data-element_type=\"column\">\n\t\t\t<div class=\"elementor-widget-wrap elementor-element-populated\">\n\t\t\t\t\t\t\t\t<div class=\"elementor-element elementor-element-f42e67c sc_height_huge sc_fly_static elementor-widget elementor-widget-spacer\" data-id=\"f42e67c\" data-element_type=\"widget\" data-widget_type=\"spacer.default\">\n\t\t\t\t<div class=\"elementor-widget-container\">\n\t\t\t\t\t<div class=\"elementor-spacer\">\n\t\t\t<div class=\"elementor-spacer-inner\"><\/div>\n\t\t<\/div>\n\t\t\t\t<\/div>\n\t\t\t\t<\/div>\n\t\t\t\t<div class=\"elementor-element elementor-element-02cebe2 sc_layouts_hide_on_tablet sc_layouts_hide_on_mobile sc_fly_static elementor-widget elementor-widget-spacer\" data-id=\"02cebe2\" data-element_type=\"widget\" data-widget_type=\"spacer.default\">\n\t\t\t\t<div class=\"elementor-widget-container\">\n\t\t\t\t\t<div class=\"elementor-spacer\">\n\t\t\t<div class=\"elementor-spacer-inner\"><\/div>\n\t\t<\/div>\n\t\t\t\t<\/div>\n\t\t\t\t<\/div>\n\t\t\t\t\t<\/div>\n\t\t<\/div>\n\t\t\t\t\t\t\t<\/div>\n\t\t<\/section>\n\t\t\t\t\t\t\t<\/div>\n\t\t","protected":false},"excerpt":{"rendered":"<p>M\u00e1\u0161 ot\u00e1zku? [][L\u00e9pj velem kapcsolatba!] . Hozz\u00e1j\u00e1rulok ahhoz, hogy beny\u00fajtott adataimat \u00f6sszegy\u0171jts\u00fck \u00e9s t\u00e1roljuk.<\/p>\n","protected":false},"author":1,"featured_media":0,"parent":0,"menu_order":0,"comment_status":"closed","ping_status":"closed","template":"","meta":{"footnotes":""},"class_list":["post-24181","page","type-page","status-publish","hentry"],"yoast_head":"<!-- This site is optimized with the Yoast SEO Premium plugin v21.4 (Yoast SEO v21.4) - https:\/\/yoast.com\/wordpress\/plugins\/seo\/ -->\n<title>AssistYou International<\/title>\n<meta name=\"robots\" content=\"index, follow, max-snippet:-1, max-image-preview:large, max-video-preview:-1\" \/>\n<link rel=\"canonical\" href=\"https:\/\/assistyou.international\/sk\/kontakt\/\" \/>\n<meta property=\"og:locale\" content=\"sk_SK\" \/>\n<meta property=\"og:type\" content=\"article\" \/>\n<meta property=\"og:title\" content=\"AssistYou International\" \/>\n<meta property=\"og:description\" content=\"AssistYou International\" \/>\n<meta property=\"og:url\" content=\"https:\/\/assistyou.international\/sk\/kontakt\/\" \/>\n<meta property=\"og:site_name\" content=\"Assist You International\" \/>\n<meta property=\"article:modified_time\" content=\"2023-11-16T19:47:15+00:00\" \/>\n<meta property=\"og:image\" content=\"https:\/\/assistyou.international\/wp-content\/uploads\/2023\/10\/3213213-1.png\" \/>\n\t<meta property=\"og:image:width\" content=\"1184\" \/>\n\t<meta property=\"og:image:height\" content=\"672\" \/>\n\t<meta property=\"og:image:type\" content=\"image\/png\" \/>\n<meta name=\"twitter:card\" content=\"summary_large_image\" \/>\n<script type=\"application\/ld+json\" class=\"yoast-schema-graph\">{\"@context\":\"https:\/\/schema.org\",\"@graph\":[{\"@type\":\"WebPage\",\"@id\":\"https:\/\/assistyou.international\/sk\/kontakt\/\",\"url\":\"https:\/\/assistyou.international\/sk\/kontakt\/\",\"name\":\"AssistYou International\",\"isPartOf\":{\"@id\":\"https:\/\/assistyou.international\/sk\/#website\"},\"datePublished\":\"2020-04-30T09:12:41+00:00\",\"dateModified\":\"2023-11-16T19:47:15+00:00\",\"breadcrumb\":{\"@id\":\"https:\/\/assistyou.international\/sk\/kontakt\/#breadcrumb\"},\"inLanguage\":\"sk-SK\",\"potentialAction\":[{\"@type\":\"ReadAction\",\"target\":[\"https:\/\/assistyou.international\/sk\/kontakt\/\"]}]},{\"@type\":\"BreadcrumbList\",\"@id\":\"https:\/\/assistyou.international\/sk\/kontakt\/#breadcrumb\",\"itemListElement\":[{\"@type\":\"ListItem\",\"position\":1,\"name\":\"Kezd\u0151lap\",\"item\":\"https:\/\/assistyou.international\/sk\/uvodna-stranka\/\"},{\"@type\":\"ListItem\",\"position\":2,\"name\":\"Kontakt\"}]},{\"@type\":\"WebSite\",\"@id\":\"https:\/\/assistyou.international\/sk\/#website\",\"url\":\"https:\/\/assistyou.international\/sk\/\",\"name\":\"Assist You International\",\"description\":\"Virtual Assistant\",\"publisher\":{\"@id\":\"https:\/\/assistyou.international\/sk\/#organization\"},\"potentialAction\":[{\"@type\":\"SearchAction\",\"target\":{\"@type\":\"EntryPoint\",\"urlTemplate\":\"https:\/\/assistyou.international\/sk\/?s={search_term_string}\"},\"query-input\":\"required name=search_term_string\"}],\"inLanguage\":\"sk-SK\"},{\"@type\":\"Organization\",\"@id\":\"https:\/\/assistyou.international\/sk\/#organization\",\"name\":\"Assist You International\",\"url\":\"https:\/\/assistyou.international\/sk\/\",\"logo\":{\"@type\":\"ImageObject\",\"inLanguage\":\"sk-SK\",\"@id\":\"https:\/\/assistyou.international\/sk\/#\/schema\/logo\/image\/\",\"url\":\"https:\/\/assistyou.international\/wp-content\/uploads\/2023\/10\/AY.png\",\"contentUrl\":\"https:\/\/assistyou.international\/wp-content\/uploads\/2023\/10\/AY.png\",\"width\":853,\"height\":291,\"caption\":\"Assist You International\"},\"image\":{\"@id\":\"https:\/\/assistyou.international\/sk\/#\/schema\/logo\/image\/\"}}]}<\/script>\n<!-- \/ Yoast SEO Premium plugin. -->","yoast_head_json":{"title":"AssistYou International","robots":{"index":"index","follow":"follow","max-snippet":"max-snippet:-1","max-image-preview":"max-image-preview:large","max-video-preview":"max-video-preview:-1"},"canonical":"https:\/\/assistyou.international\/sk\/kontakt\/","og_locale":"sk_SK","og_type":"article","og_title":"AssistYou International","og_description":"AssistYou International","og_url":"https:\/\/assistyou.international\/sk\/kontakt\/","og_site_name":"Assist You International","article_modified_time":"2023-11-16T19:47:15+00:00","og_image":[{"width":1184,"height":672,"url":"https:\/\/assistyou.international\/wp-content\/uploads\/2023\/10\/3213213-1.png","type":"image\/png"}],"twitter_card":"summary_large_image","schema":{"@context":"https:\/\/schema.org","@graph":[{"@type":"WebPage","@id":"https:\/\/assistyou.international\/sk\/kontakt\/","url":"https:\/\/assistyou.international\/sk\/kontakt\/","name":"AssistYou International","isPartOf":{"@id":"https:\/\/assistyou.international\/sk\/#website"},"datePublished":"2020-04-30T09:12:41+00:00","dateModified":"2023-11-16T19:47:15+00:00","breadcrumb":{"@id":"https:\/\/assistyou.international\/sk\/kontakt\/#breadcrumb"},"inLanguage":"sk-SK","potentialAction":[{"@type":"ReadAction","target":["https:\/\/assistyou.international\/sk\/kontakt\/"]}]},{"@type":"BreadcrumbList","@id":"https:\/\/assistyou.international\/sk\/kontakt\/#breadcrumb","itemListElement":[{"@type":"ListItem","position":1,"name":"Kezd\u0151lap","item":"https:\/\/assistyou.international\/sk\/uvodna-stranka\/"},{"@type":"ListItem","position":2,"name":"Kontakt"}]},{"@type":"WebSite","@id":"https:\/\/assistyou.international\/sk\/#website","url":"https:\/\/assistyou.international\/sk\/","name":"Assist You International","description":"Virtual Assistant","publisher":{"@id":"https:\/\/assistyou.international\/sk\/#organization"},"potentialAction":[{"@type":"SearchAction","target":{"@type":"EntryPoint","urlTemplate":"https:\/\/assistyou.international\/sk\/?s={search_term_string}"},"query-input":"required name=search_term_string"}],"inLanguage":"sk-SK"},{"@type":"Organization","@id":"https:\/\/assistyou.international\/sk\/#organization","name":"Assist You International","url":"https:\/\/assistyou.international\/sk\/","logo":{"@type":"ImageObject","inLanguage":"sk-SK","@id":"https:\/\/assistyou.international\/sk\/#\/schema\/logo\/image\/","url":"https:\/\/assistyou.international\/wp-content\/uploads\/2023\/10\/AY.png","contentUrl":"https:\/\/assistyou.international\/wp-content\/uploads\/2023\/10\/AY.png","width":853,"height":291,"caption":"Assist You International"},"image":{"@id":"https:\/\/assistyou.international\/sk\/#\/schema\/logo\/image\/"}}]}},"_links":{"self":[{"href":"https:\/\/assistyou.international\/sk\/wp-json\/wp\/v2\/pages\/24181","targetHints":{"allow":["GET"]}}],"collection":[{"href":"https:\/\/assistyou.international\/sk\/wp-json\/wp\/v2\/pages"}],"about":[{"href":"https:\/\/assistyou.international\/sk\/wp-json\/wp\/v2\/types\/page"}],"author":[{"embeddable":true,"href":"https:\/\/assistyou.international\/sk\/wp-json\/wp\/v2\/users\/1"}],"replies":[{"embeddable":true,"href":"https:\/\/assistyou.international\/sk\/wp-json\/wp\/v2\/comments?post=24181"}],"version-history":[{"count":1,"href":"https:\/\/assistyou.international\/sk\/wp-json\/wp\/v2\/pages\/24181\/revisions"}],"predecessor-version":[{"id":24182,"href":"https:\/\/assistyou.international\/sk\/wp-json\/wp\/v2\/pages\/24181\/revisions\/24182"}],"wp:attachment":[{"href":"https:\/\/assistyou.international\/sk\/wp-json\/wp\/v2\/media?parent=24181"}],"curies":[{"name":"wp","href":"https:\/\/api.w.org\/{rel}","templated":true}]}}